{"id":684,"date":"2020-03-26T15:05:35","date_gmt":"2020-03-26T19:05:35","guid":{"rendered":"https:\/\/canadianpond.ca\/?page_id=684"},"modified":"2025-10-08T15:18:05","modified_gmt":"2025-10-08T19:18:05","slug":"a-propos","status":"publish","type":"page","link":"https:\/\/canadianpond.ca\/fr\/a-propos\/","title":{"rendered":"\u00c0 propos"},"content":{"rendered":"","protected":false},"excerpt":{"rendered":"","protected":false},"author":1,"featured_media":48494,"parent":0,"menu_order":0,"comment_status":"closed","ping_status":"closed","template":"","meta":{"_acf_changed":false,"_relevanssi_hide_post":"","_relevanssi_hide_content":"","_relevanssi_pin_for_all":"","_relevanssi_pin_keywords":"","_relevanssi_unpin_keywords":"","_relevanssi_related_keywords":"","_relevanssi_related_include_ids":"","_relevanssi_related_exclude_ids":"","_relevanssi_related_no_append":"","_relevanssi_related_not_related":"","_relevanssi_related_posts":"","_relevanssi_noindex_reason":"","inline_featured_image":false,"footnotes":""},"class_list":["post-684","page","type-page","status-publish","has-post-thumbnail","hentry"],"acf":[],"yoast_head":"<!-- This site is optimized with the Yoast SEO plugin v27.2 - https:\/\/yoast.com\/product\/yoast-seo-wordpress\/ -->\n<title>\u00c0 propos de nous - CanadianPond<\/title>\n<meta name=\"description\" content=\"Canadian Pond offre \u00e0 ses clients des choix \u00e9cologiques pour am\u00e9liorer la qualit\u00e9 de l&#039;eau comme la nature le ferait.\" \/>\n<meta name=\"robots\" content=\"index, follow, max-snippet:-1, max-image-preview:large, max-video-preview:-1\" \/>\n<link rel=\"canonical\" href=\"https:\/\/canadianpond.ca\/fr\/a-propos\/\" \/>\n<meta property=\"og:locale\" content=\"fr_CA\" \/>\n<meta property=\"og:type\" content=\"article\" \/>\n<meta property=\"og:title\" content=\"\u00c0 propos de nous - CanadianPond\" \/>\n<meta property=\"og:description\" content=\"Canadian Pond offre \u00e0 ses clients des choix \u00e9cologiques pour am\u00e9liorer la qualit\u00e9 de l&#039;eau comme la nature le ferait.\" \/>\n<meta property=\"og:url\" content=\"https:\/\/canadianpond.ca\/fr\/a-propos\/\" \/>\n<meta property=\"og:site_name\" content=\"CanadianPond\" \/>\n<meta property=\"article:modified_time\" content=\"2025-10-08T19:18:05+00:00\" \/>\n<meta property=\"og:image\" content=\"https:\/\/canadianpond.ca\/wp-content\/uploads\/2025\/01\/6-juin-2023-20-ans-001-c2-scaled.jpg\" \/>\n\t<meta property=\"og:image:width\" content=\"2560\" \/>\n\t<meta property=\"og:image:height\" content=\"1707\" \/>\n\t<meta property=\"og:image:type\" content=\"image\/jpeg\" \/>\n<meta name=\"twitter:card\" content=\"summary_large_image\" \/>\n<meta name=\"twitter:label1\" content=\"Est. reading time\" \/>\n\t<meta name=\"twitter:data1\" content=\"1 minute\" \/>\n<script type=\"application\/ld+json\" class=\"yoast-schema-graph\">{\"@context\":\"https:\/\/schema.org\",\"@graph\":[{\"@type\":\"WebPage\",\"@id\":\"https:\/\/canadianpond.ca\/fr\/a-propos\/\",\"url\":\"https:\/\/canadianpond.ca\/fr\/a-propos\/\",\"name\":\"\u00c0 propos de nous - CanadianPond\",\"isPartOf\":{\"@id\":\"https:\/\/canadianpond.ca\/#website\"},\"primaryImageOfPage\":{\"@id\":\"https:\/\/canadianpond.ca\/fr\/a-propos\/#primaryimage\"},\"image\":{\"@id\":\"https:\/\/canadianpond.ca\/fr\/a-propos\/#primaryimage\"},\"thumbnailUrl\":\"https:\/\/canadianpond.ca\/wp-content\/uploads\/2025\/01\/6-juin-2023-20-ans-001-c2-scaled.jpg\",\"datePublished\":\"2020-03-26T19:05:35+00:00\",\"dateModified\":\"2025-10-08T19:18:05+00:00\",\"description\":\"Canadian Pond offre \u00e0 ses clients des choix \u00e9cologiques pour am\u00e9liorer la qualit\u00e9 de l'eau comme la nature le ferait.\",\"breadcrumb\":{\"@id\":\"https:\/\/canadianpond.ca\/fr\/a-propos\/#breadcrumb\"},\"inLanguage\":\"fr-CA\",\"potentialAction\":[{\"@type\":\"ReadAction\",\"target\":[\"https:\/\/canadianpond.ca\/fr\/a-propos\/\"]}]},{\"@type\":\"ImageObject\",\"inLanguage\":\"fr-CA\",\"@id\":\"https:\/\/canadianpond.ca\/fr\/a-propos\/#primaryimage\",\"url\":\"https:\/\/canadianpond.ca\/wp-content\/uploads\/2025\/01\/6-juin-2023-20-ans-001-c2-scaled.jpg\",\"contentUrl\":\"https:\/\/canadianpond.ca\/wp-content\/uploads\/2025\/01\/6-juin-2023-20-ans-001-c2-scaled.jpg\",\"width\":2560,\"height\":1707},{\"@type\":\"BreadcrumbList\",\"@id\":\"https:\/\/canadianpond.ca\/fr\/a-propos\/#breadcrumb\",\"itemListElement\":[{\"@type\":\"ListItem\",\"position\":1,\"name\":\"Home\",\"item\":\"https:\/\/canadianpond.ca\/fr\/\"},{\"@type\":\"ListItem\",\"position\":2,\"name\":\"\u00c0 propos\"}]},{\"@type\":\"WebSite\",\"@id\":\"https:\/\/canadianpond.ca\/#website\",\"url\":\"https:\/\/canadianpond.ca\/\",\"name\":\"CanadianPond\",\"description\":\"Just another WordPress site\",\"potentialAction\":[{\"@type\":\"SearchAction\",\"target\":{\"@type\":\"EntryPoint\",\"urlTemplate\":\"https:\/\/canadianpond.ca\/?s={search_term_string}\"},\"query-input\":{\"@type\":\"PropertyValueSpecification\",\"valueRequired\":true,\"valueName\":\"search_term_string\"}}],\"inLanguage\":\"fr-CA\"}]}<\/script>\n<!-- \/ Yoast SEO plugin. -->","yoast_head_json":{"title":"\u00c0 propos de nous - CanadianPond","description":"Canadian Pond offre \u00e0 ses clients des choix \u00e9cologiques pour am\u00e9liorer la qualit\u00e9 de l'eau comme la nature le ferait.","robots":{"index":"index","follow":"follow","max-snippet":"max-snippet:-1","max-image-preview":"max-image-preview:large","max-video-preview":"max-video-preview:-1"},"canonical":"https:\/\/canadianpond.ca\/fr\/a-propos\/","og_locale":"fr_CA","og_type":"article","og_title":"\u00c0 propos de nous - CanadianPond","og_description":"Canadian Pond offre \u00e0 ses clients des choix \u00e9cologiques pour am\u00e9liorer la qualit\u00e9 de l'eau comme la nature le ferait.","og_url":"https:\/\/canadianpond.ca\/fr\/a-propos\/","og_site_name":"CanadianPond","article_modified_time":"2025-10-08T19:18:05+00:00","og_image":[{"width":2560,"height":1707,"url":"https:\/\/canadianpond.ca\/wp-content\/uploads\/2025\/01\/6-juin-2023-20-ans-001-c2-scaled.jpg","type":"image\/jpeg"}],"twitter_card":"summary_large_image","twitter_misc":{"Est. reading time":"1 minute"},"schema":{"@context":"https:\/\/schema.org","@graph":[{"@type":"WebPage","@id":"https:\/\/canadianpond.ca\/fr\/a-propos\/","url":"https:\/\/canadianpond.ca\/fr\/a-propos\/","name":"\u00c0 propos de nous - CanadianPond","isPartOf":{"@id":"https:\/\/canadianpond.ca\/#website"},"primaryImageOfPage":{"@id":"https:\/\/canadianpond.ca\/fr\/a-propos\/#primaryimage"},"image":{"@id":"https:\/\/canadianpond.ca\/fr\/a-propos\/#primaryimage"},"thumbnailUrl":"https:\/\/canadianpond.ca\/wp-content\/uploads\/2025\/01\/6-juin-2023-20-ans-001-c2-scaled.jpg","datePublished":"2020-03-26T19:05:35+00:00","dateModified":"2025-10-08T19:18:05+00:00","description":"Canadian Pond offre \u00e0 ses clients des choix \u00e9cologiques pour am\u00e9liorer la qualit\u00e9 de l'eau comme la nature le ferait.","breadcrumb":{"@id":"https:\/\/canadianpond.ca\/fr\/a-propos\/#breadcrumb"},"inLanguage":"fr-CA","potentialAction":[{"@type":"ReadAction","target":["https:\/\/canadianpond.ca\/fr\/a-propos\/"]}]},{"@type":"ImageObject","inLanguage":"fr-CA","@id":"https:\/\/canadianpond.ca\/fr\/a-propos\/#primaryimage","url":"https:\/\/canadianpond.ca\/wp-content\/uploads\/2025\/01\/6-juin-2023-20-ans-001-c2-scaled.jpg","contentUrl":"https:\/\/canadianpond.ca\/wp-content\/uploads\/2025\/01\/6-juin-2023-20-ans-001-c2-scaled.jpg","width":2560,"height":1707},{"@type":"BreadcrumbList","@id":"https:\/\/canadianpond.ca\/fr\/a-propos\/#breadcrumb","itemListElement":[{"@type":"ListItem","position":1,"name":"Home","item":"https:\/\/canadianpond.ca\/fr\/"},{"@type":"ListItem","position":2,"name":"\u00c0 propos"}]},{"@type":"WebSite","@id":"https:\/\/canadianpond.ca\/#website","url":"https:\/\/canadianpond.ca\/","name":"CanadianPond","description":"Just another WordPress site","potentialAction":[{"@type":"SearchAction","target":{"@type":"EntryPoint","urlTemplate":"https:\/\/canadianpond.ca\/?s={search_term_string}"},"query-input":{"@type":"PropertyValueSpecification","valueRequired":true,"valueName":"search_term_string"}}],"inLanguage":"fr-CA"}]}},"_links":{"self":[{"href":"https:\/\/canadianpond.ca\/fr\/wp-json\/wp\/v2\/pages\/684","targetHints":{"allow":["GET"]}}],"collection":[{"href":"https:\/\/canadianpond.ca\/fr\/wp-json\/wp\/v2\/pages"}],"about":[{"href":"https:\/\/canadianpond.ca\/fr\/wp-json\/wp\/v2\/types\/page"}],"author":[{"embeddable":true,"href":"https:\/\/canadianpond.ca\/fr\/wp-json\/wp\/v2\/users\/1"}],"replies":[{"embeddable":true,"href":"https:\/\/canadianpond.ca\/fr\/wp-json\/wp\/v2\/comments?post=684"}],"version-history":[{"count":9,"href":"https:\/\/canadianpond.ca\/fr\/wp-json\/wp\/v2\/pages\/684\/revisions"}],"predecessor-version":[{"id":51583,"href":"https:\/\/canadianpond.ca\/fr\/wp-json\/wp\/v2\/pages\/684\/revisions\/51583"}],"wp:featuredmedia":[{"embeddable":true,"href":"https:\/\/canadianpond.ca\/fr\/wp-json\/wp\/v2\/media\/48494"}],"wp:attachment":[{"href":"https:\/\/canadianpond.ca\/fr\/wp-json\/wp\/v2\/media?parent=684"}],"curies":[{"name":"wp","href":"https:\/\/api.w.org\/{rel}","templated":true}]}}