{"id":679,"date":"2020-03-26T15:00:31","date_gmt":"2020-03-26T19:00:31","guid":{"rendered":"https:\/\/canadianpond.ca\/?page_id=679"},"modified":"2026-04-06T15:49:34","modified_gmt":"2026-04-06T19:49:34","slug":"carrieres","status":"publish","type":"page","link":"https:\/\/canadianpond.ca\/fr\/carrieres\/","title":{"rendered":"Carri\u00e8re"},"content":{"rendered":"","protected":false},"excerpt":{"rendered":"","protected":false},"author":1,"featured_media":32015,"parent":0,"menu_order":0,"comment_status":"closed","ping_status":"closed","template":"","meta":{"_acf_changed":false,"_relevanssi_hide_post":"","_relevanssi_hide_content":"","_relevanssi_pin_for_all":"","_relevanssi_pin_keywords":"","_relevanssi_unpin_keywords":"","_relevanssi_related_keywords":"","_relevanssi_related_include_ids":"","_relevanssi_related_exclude_ids":"","_relevanssi_related_no_append":"","_relevanssi_related_not_related":"","_relevanssi_related_posts":"","_relevanssi_noindex_reason":"","inline_featured_image":false,"footnotes":""},"class_list":["post-679","page","type-page","status-publish","has-post-thumbnail","hentry"],"acf":[],"yoast_head":"<!-- This site is optimized with the Yoast SEO plugin v27.2 - https:\/\/yoast.com\/product\/yoast-seo-wordpress\/ -->\n<title>Carri\u00e8re - Canadian Pond.ca Products Lt\u00e9e.<\/title>\n<meta name=\"description\" content=\"CanadianPond est en pleine croissance et \u00e0 la recherche de nouveaux talents. Vous recherchez une nouvelle carri\u00e8re ? Contactez-nous !\" \/>\n<meta name=\"robots\" content=\"index, follow, max-snippet:-1, max-image-preview:large, max-video-preview:-1\" \/>\n<link rel=\"canonical\" href=\"https:\/\/canadianpond.ca\/fr\/carrieres\/\" \/>\n<meta property=\"og:locale\" content=\"fr_CA\" \/>\n<meta property=\"og:type\" content=\"article\" \/>\n<meta property=\"og:title\" content=\"Carri\u00e8re - Canadian Pond.ca Products Lt\u00e9e.\" \/>\n<meta property=\"og:description\" content=\"CanadianPond est en pleine croissance et \u00e0 la recherche de nouveaux talents. Vous recherchez une nouvelle carri\u00e8re ? Contactez-nous !\" \/>\n<meta property=\"og:url\" content=\"https:\/\/canadianpond.ca\/fr\/carrieres\/\" \/>\n<meta property=\"og:site_name\" content=\"CanadianPond\" \/>\n<meta property=\"article:modified_time\" content=\"2026-04-06T19:49:34+00:00\" \/>\n<meta property=\"og:image\" content=\"https:\/\/canadianpond.ca\/wp-content\/uploads\/2024\/07\/page-carriere-site-web.jpg\" \/>\n\t<meta property=\"og:image:width\" content=\"940\" \/>\n\t<meta property=\"og:image:height\" content=\"788\" \/>\n\t<meta property=\"og:image:type\" content=\"image\/jpeg\" \/>\n<meta name=\"twitter:card\" content=\"summary_large_image\" \/>\n<meta name=\"twitter:label1\" content=\"Est. reading time\" \/>\n\t<meta name=\"twitter:data1\" content=\"1 minute\" \/>\n<script type=\"application\/ld+json\" class=\"yoast-schema-graph\">{\"@context\":\"https:\/\/schema.org\",\"@graph\":[{\"@type\":\"WebPage\",\"@id\":\"https:\/\/canadianpond.ca\/fr\/carrieres\/\",\"url\":\"https:\/\/canadianpond.ca\/fr\/carrieres\/\",\"name\":\"Carri\u00e8re - Canadian Pond.ca Products Lt\u00e9e.\",\"isPartOf\":{\"@id\":\"https:\/\/canadianpond.ca\/#website\"},\"primaryImageOfPage\":{\"@id\":\"https:\/\/canadianpond.ca\/fr\/carrieres\/#primaryimage\"},\"image\":{\"@id\":\"https:\/\/canadianpond.ca\/fr\/carrieres\/#primaryimage\"},\"thumbnailUrl\":\"https:\/\/canadianpond.ca\/wp-content\/uploads\/2024\/07\/page-carriere-site-web.jpg\",\"datePublished\":\"2020-03-26T19:00:31+00:00\",\"dateModified\":\"2026-04-06T19:49:34+00:00\",\"description\":\"CanadianPond est en pleine croissance et \u00e0 la recherche de nouveaux talents. Vous recherchez une nouvelle carri\u00e8re ? Contactez-nous !\",\"breadcrumb\":{\"@id\":\"https:\/\/canadianpond.ca\/fr\/carrieres\/#breadcrumb\"},\"inLanguage\":\"fr-CA\",\"potentialAction\":[{\"@type\":\"ReadAction\",\"target\":[\"https:\/\/canadianpond.ca\/fr\/carrieres\/\"]}]},{\"@type\":\"ImageObject\",\"inLanguage\":\"fr-CA\",\"@id\":\"https:\/\/canadianpond.ca\/fr\/carrieres\/#primaryimage\",\"url\":\"https:\/\/canadianpond.ca\/wp-content\/uploads\/2024\/07\/page-carriere-site-web.jpg\",\"contentUrl\":\"https:\/\/canadianpond.ca\/wp-content\/uploads\/2024\/07\/page-carriere-site-web.jpg\",\"width\":940,\"height\":788},{\"@type\":\"BreadcrumbList\",\"@id\":\"https:\/\/canadianpond.ca\/fr\/carrieres\/#breadcrumb\",\"itemListElement\":[{\"@type\":\"ListItem\",\"position\":1,\"name\":\"Home\",\"item\":\"https:\/\/canadianpond.ca\/fr\/\"},{\"@type\":\"ListItem\",\"position\":2,\"name\":\"Carri\u00e8re\"}]},{\"@type\":\"WebSite\",\"@id\":\"https:\/\/canadianpond.ca\/#website\",\"url\":\"https:\/\/canadianpond.ca\/\",\"name\":\"CanadianPond\",\"description\":\"Just another WordPress site\",\"potentialAction\":[{\"@type\":\"SearchAction\",\"target\":{\"@type\":\"EntryPoint\",\"urlTemplate\":\"https:\/\/canadianpond.ca\/?s={search_term_string}\"},\"query-input\":{\"@type\":\"PropertyValueSpecification\",\"valueRequired\":true,\"valueName\":\"search_term_string\"}}],\"inLanguage\":\"fr-CA\"}]}<\/script>\n<!-- \/ Yoast SEO plugin. -->","yoast_head_json":{"title":"Carri\u00e8re - Canadian Pond.ca Products Lt\u00e9e.","description":"CanadianPond est en pleine croissance et \u00e0 la recherche de nouveaux talents. Vous recherchez une nouvelle carri\u00e8re ? Contactez-nous !","robots":{"index":"index","follow":"follow","max-snippet":"max-snippet:-1","max-image-preview":"max-image-preview:large","max-video-preview":"max-video-preview:-1"},"canonical":"https:\/\/canadianpond.ca\/fr\/carrieres\/","og_locale":"fr_CA","og_type":"article","og_title":"Carri\u00e8re - Canadian Pond.ca Products Lt\u00e9e.","og_description":"CanadianPond est en pleine croissance et \u00e0 la recherche de nouveaux talents. Vous recherchez une nouvelle carri\u00e8re ? Contactez-nous !","og_url":"https:\/\/canadianpond.ca\/fr\/carrieres\/","og_site_name":"CanadianPond","article_modified_time":"2026-04-06T19:49:34+00:00","og_image":[{"width":940,"height":788,"url":"https:\/\/canadianpond.ca\/wp-content\/uploads\/2024\/07\/page-carriere-site-web.jpg","type":"image\/jpeg"}],"twitter_card":"summary_large_image","twitter_misc":{"Est. reading time":"1 minute"},"schema":{"@context":"https:\/\/schema.org","@graph":[{"@type":"WebPage","@id":"https:\/\/canadianpond.ca\/fr\/carrieres\/","url":"https:\/\/canadianpond.ca\/fr\/carrieres\/","name":"Carri\u00e8re - Canadian Pond.ca Products Lt\u00e9e.","isPartOf":{"@id":"https:\/\/canadianpond.ca\/#website"},"primaryImageOfPage":{"@id":"https:\/\/canadianpond.ca\/fr\/carrieres\/#primaryimage"},"image":{"@id":"https:\/\/canadianpond.ca\/fr\/carrieres\/#primaryimage"},"thumbnailUrl":"https:\/\/canadianpond.ca\/wp-content\/uploads\/2024\/07\/page-carriere-site-web.jpg","datePublished":"2020-03-26T19:00:31+00:00","dateModified":"2026-04-06T19:49:34+00:00","description":"CanadianPond est en pleine croissance et \u00e0 la recherche de nouveaux talents. Vous recherchez une nouvelle carri\u00e8re ? Contactez-nous !","breadcrumb":{"@id":"https:\/\/canadianpond.ca\/fr\/carrieres\/#breadcrumb"},"inLanguage":"fr-CA","potentialAction":[{"@type":"ReadAction","target":["https:\/\/canadianpond.ca\/fr\/carrieres\/"]}]},{"@type":"ImageObject","inLanguage":"fr-CA","@id":"https:\/\/canadianpond.ca\/fr\/carrieres\/#primaryimage","url":"https:\/\/canadianpond.ca\/wp-content\/uploads\/2024\/07\/page-carriere-site-web.jpg","contentUrl":"https:\/\/canadianpond.ca\/wp-content\/uploads\/2024\/07\/page-carriere-site-web.jpg","width":940,"height":788},{"@type":"BreadcrumbList","@id":"https:\/\/canadianpond.ca\/fr\/carrieres\/#breadcrumb","itemListElement":[{"@type":"ListItem","position":1,"name":"Home","item":"https:\/\/canadianpond.ca\/fr\/"},{"@type":"ListItem","position":2,"name":"Carri\u00e8re"}]},{"@type":"WebSite","@id":"https:\/\/canadianpond.ca\/#website","url":"https:\/\/canadianpond.ca\/","name":"CanadianPond","description":"Just another WordPress site","potentialAction":[{"@type":"SearchAction","target":{"@type":"EntryPoint","urlTemplate":"https:\/\/canadianpond.ca\/?s={search_term_string}"},"query-input":{"@type":"PropertyValueSpecification","valueRequired":true,"valueName":"search_term_string"}}],"inLanguage":"fr-CA"}]}},"_links":{"self":[{"href":"https:\/\/canadianpond.ca\/fr\/wp-json\/wp\/v2\/pages\/679","targetHints":{"allow":["GET"]}}],"collection":[{"href":"https:\/\/canadianpond.ca\/fr\/wp-json\/wp\/v2\/pages"}],"about":[{"href":"https:\/\/canadianpond.ca\/fr\/wp-json\/wp\/v2\/types\/page"}],"author":[{"embeddable":true,"href":"https:\/\/canadianpond.ca\/fr\/wp-json\/wp\/v2\/users\/1"}],"replies":[{"embeddable":true,"href":"https:\/\/canadianpond.ca\/fr\/wp-json\/wp\/v2\/comments?post=679"}],"version-history":[{"count":8,"href":"https:\/\/canadianpond.ca\/fr\/wp-json\/wp\/v2\/pages\/679\/revisions"}],"predecessor-version":[{"id":53177,"href":"https:\/\/canadianpond.ca\/fr\/wp-json\/wp\/v2\/pages\/679\/revisions\/53177"}],"wp:featuredmedia":[{"embeddable":true,"href":"https:\/\/canadianpond.ca\/fr\/wp-json\/wp\/v2\/media\/32015"}],"wp:attachment":[{"href":"https:\/\/canadianpond.ca\/fr\/wp-json\/wp\/v2\/media?parent=679"}],"curies":[{"name":"wp","href":"https:\/\/api.w.org\/{rel}","templated":true}]}}