{"id":235,"date":"2020-02-25T16:31:59","date_gmt":"2020-02-25T21:31:59","guid":{"rendered":"http:\/\/localhost:8888\/bubble-tubing\/?page_id=235"},"modified":"2026-03-09T16:47:04","modified_gmt":"2026-03-09T20:47:04","slug":"deglacage","status":"publish","type":"page","link":"https:\/\/canadianpond.ca\/fr\/solutions\/deglacage\/","title":{"rendered":"D\u00e9gla\u00e7age"},"content":{"rendered":"","protected":false},"excerpt":{"rendered":"","protected":false},"author":1,"featured_media":0,"parent":207,"menu_order":10,"comment_status":"closed","ping_status":"closed","template":"pages\/page-solution.php","meta":{"_acf_changed":false,"_relevanssi_hide_post":"","_relevanssi_hide_content":"","_relevanssi_pin_for_all":"","_relevanssi_pin_keywords":"","_relevanssi_unpin_keywords":"","_relevanssi_related_keywords":"","_relevanssi_related_include_ids":"","_relevanssi_related_exclude_ids":"","_relevanssi_related_no_append":"","_relevanssi_related_not_related":"","_relevanssi_related_posts":"","_relevanssi_noindex_reason":"","inline_featured_image":false,"footnotes":""},"class_list":["post-235","page","type-page","status-publish","hentry"],"acf":[],"yoast_head":"<!-- This site is optimized with the Yoast SEO plugin v27.2 - https:\/\/yoast.com\/product\/yoast-seo-wordpress\/ -->\n<title>D\u00e9gla\u00e7age: d\u00e9glaceurs Kasco, agitateurs, Thawline - CanadianPond<\/title>\n<meta name=\"description\" content=\"Notre personnel exp\u00e9riment\u00e9 peut vous aider \u00e0 d\u00e9cider si un diffuseur de bulles ou un agitateur Kasco est le mieux adapt\u00e9 \u00e0 votre projet de d\u00e9gla\u00e7age.\" \/>\n<meta name=\"robots\" content=\"index, follow, max-snippet:-1, max-image-preview:large, max-video-preview:-1\" \/>\n<link rel=\"canonical\" href=\"https:\/\/canadianpond.ca\/fr\/solutions\/deglacage\/\" \/>\n<meta property=\"og:locale\" content=\"fr_CA\" \/>\n<meta property=\"og:type\" content=\"article\" \/>\n<meta property=\"og:title\" content=\"D\u00e9gla\u00e7age: d\u00e9glaceurs Kasco, agitateurs, Thawline - CanadianPond\" \/>\n<meta property=\"og:description\" content=\"Notre personnel exp\u00e9riment\u00e9 peut vous aider \u00e0 d\u00e9cider si un diffuseur de bulles ou un agitateur Kasco est le mieux adapt\u00e9 \u00e0 votre projet de d\u00e9gla\u00e7age.\" \/>\n<meta property=\"og:url\" content=\"https:\/\/canadianpond.ca\/fr\/solutions\/deglacage\/\" \/>\n<meta property=\"og:site_name\" content=\"CanadianPond\" \/>\n<meta property=\"article:modified_time\" content=\"2026-03-09T20:47:04+00:00\" \/>\n<meta name=\"twitter:card\" content=\"summary_large_image\" \/>\n<script type=\"application\/ld+json\" class=\"yoast-schema-graph\">{\"@context\":\"https:\/\/schema.org\",\"@graph\":[{\"@type\":\"WebPage\",\"@id\":\"https:\/\/canadianpond.ca\/fr\/solutions\/deglacage\/\",\"url\":\"https:\/\/canadianpond.ca\/fr\/solutions\/deglacage\/\",\"name\":\"D\u00e9gla\u00e7age: d\u00e9glaceurs Kasco, agitateurs, Thawline - CanadianPond\",\"isPartOf\":{\"@id\":\"https:\/\/canadianpond.ca\/#website\"},\"datePublished\":\"2020-02-25T21:31:59+00:00\",\"dateModified\":\"2026-03-09T20:47:04+00:00\",\"description\":\"Notre personnel exp\u00e9riment\u00e9 peut vous aider \u00e0 d\u00e9cider si un diffuseur de bulles ou un agitateur Kasco est le mieux adapt\u00e9 \u00e0 votre projet de d\u00e9gla\u00e7age.\",\"breadcrumb\":{\"@id\":\"https:\/\/canadianpond.ca\/fr\/solutions\/deglacage\/#breadcrumb\"},\"inLanguage\":\"fr-CA\",\"potentialAction\":[{\"@type\":\"ReadAction\",\"target\":[\"https:\/\/canadianpond.ca\/fr\/solutions\/deglacage\/\"]}]},{\"@type\":\"BreadcrumbList\",\"@id\":\"https:\/\/canadianpond.ca\/fr\/solutions\/deglacage\/#breadcrumb\",\"itemListElement\":[{\"@type\":\"ListItem\",\"position\":1,\"name\":\"Home\",\"item\":\"https:\/\/canadianpond.ca\/fr\/\"},{\"@type\":\"ListItem\",\"position\":2,\"name\":\"Solutions\",\"item\":\"https:\/\/canadianpond.ca\/fr\/solutions\/\"},{\"@type\":\"ListItem\",\"position\":3,\"name\":\"D\u00e9gla\u00e7age\"}]},{\"@type\":\"WebSite\",\"@id\":\"https:\/\/canadianpond.ca\/#website\",\"url\":\"https:\/\/canadianpond.ca\/\",\"name\":\"CanadianPond\",\"description\":\"Just another WordPress site\",\"potentialAction\":[{\"@type\":\"SearchAction\",\"target\":{\"@type\":\"EntryPoint\",\"urlTemplate\":\"https:\/\/canadianpond.ca\/?s={search_term_string}\"},\"query-input\":{\"@type\":\"PropertyValueSpecification\",\"valueRequired\":true,\"valueName\":\"search_term_string\"}}],\"inLanguage\":\"fr-CA\"}]}<\/script>\n<!-- \/ Yoast SEO plugin. -->","yoast_head_json":{"title":"D\u00e9gla\u00e7age: d\u00e9glaceurs Kasco, agitateurs, Thawline - CanadianPond","description":"Notre personnel exp\u00e9riment\u00e9 peut vous aider \u00e0 d\u00e9cider si un diffuseur de bulles ou un agitateur Kasco est le mieux adapt\u00e9 \u00e0 votre projet de d\u00e9gla\u00e7age.","robots":{"index":"index","follow":"follow","max-snippet":"max-snippet:-1","max-image-preview":"max-image-preview:large","max-video-preview":"max-video-preview:-1"},"canonical":"https:\/\/canadianpond.ca\/fr\/solutions\/deglacage\/","og_locale":"fr_CA","og_type":"article","og_title":"D\u00e9gla\u00e7age: d\u00e9glaceurs Kasco, agitateurs, Thawline - CanadianPond","og_description":"Notre personnel exp\u00e9riment\u00e9 peut vous aider \u00e0 d\u00e9cider si un diffuseur de bulles ou un agitateur Kasco est le mieux adapt\u00e9 \u00e0 votre projet de d\u00e9gla\u00e7age.","og_url":"https:\/\/canadianpond.ca\/fr\/solutions\/deglacage\/","og_site_name":"CanadianPond","article_modified_time":"2026-03-09T20:47:04+00:00","twitter_card":"summary_large_image","schema":{"@context":"https:\/\/schema.org","@graph":[{"@type":"WebPage","@id":"https:\/\/canadianpond.ca\/fr\/solutions\/deglacage\/","url":"https:\/\/canadianpond.ca\/fr\/solutions\/deglacage\/","name":"D\u00e9gla\u00e7age: d\u00e9glaceurs Kasco, agitateurs, Thawline - CanadianPond","isPartOf":{"@id":"https:\/\/canadianpond.ca\/#website"},"datePublished":"2020-02-25T21:31:59+00:00","dateModified":"2026-03-09T20:47:04+00:00","description":"Notre personnel exp\u00e9riment\u00e9 peut vous aider \u00e0 d\u00e9cider si un diffuseur de bulles ou un agitateur Kasco est le mieux adapt\u00e9 \u00e0 votre projet de d\u00e9gla\u00e7age.","breadcrumb":{"@id":"https:\/\/canadianpond.ca\/fr\/solutions\/deglacage\/#breadcrumb"},"inLanguage":"fr-CA","potentialAction":[{"@type":"ReadAction","target":["https:\/\/canadianpond.ca\/fr\/solutions\/deglacage\/"]}]},{"@type":"BreadcrumbList","@id":"https:\/\/canadianpond.ca\/fr\/solutions\/deglacage\/#breadcrumb","itemListElement":[{"@type":"ListItem","position":1,"name":"Home","item":"https:\/\/canadianpond.ca\/fr\/"},{"@type":"ListItem","position":2,"name":"Solutions","item":"https:\/\/canadianpond.ca\/fr\/solutions\/"},{"@type":"ListItem","position":3,"name":"D\u00e9gla\u00e7age"}]},{"@type":"WebSite","@id":"https:\/\/canadianpond.ca\/#website","url":"https:\/\/canadianpond.ca\/","name":"CanadianPond","description":"Just another WordPress site","potentialAction":[{"@type":"SearchAction","target":{"@type":"EntryPoint","urlTemplate":"https:\/\/canadianpond.ca\/?s={search_term_string}"},"query-input":{"@type":"PropertyValueSpecification","valueRequired":true,"valueName":"search_term_string"}}],"inLanguage":"fr-CA"}]}},"_links":{"self":[{"href":"https:\/\/canadianpond.ca\/fr\/wp-json\/wp\/v2\/pages\/235","targetHints":{"allow":["GET"]}}],"collection":[{"href":"https:\/\/canadianpond.ca\/fr\/wp-json\/wp\/v2\/pages"}],"about":[{"href":"https:\/\/canadianpond.ca\/fr\/wp-json\/wp\/v2\/types\/page"}],"author":[{"embeddable":true,"href":"https:\/\/canadianpond.ca\/fr\/wp-json\/wp\/v2\/users\/1"}],"replies":[{"embeddable":true,"href":"https:\/\/canadianpond.ca\/fr\/wp-json\/wp\/v2\/comments?post=235"}],"version-history":[{"count":8,"href":"https:\/\/canadianpond.ca\/fr\/wp-json\/wp\/v2\/pages\/235\/revisions"}],"predecessor-version":[{"id":53000,"href":"https:\/\/canadianpond.ca\/fr\/wp-json\/wp\/v2\/pages\/235\/revisions\/53000"}],"up":[{"embeddable":true,"href":"https:\/\/canadianpond.ca\/fr\/wp-json\/wp\/v2\/pages\/207"}],"wp:attachment":[{"href":"https:\/\/canadianpond.ca\/fr\/wp-json\/wp\/v2\/media?parent=235"}],"curies":[{"name":"wp","href":"https:\/\/api.w.org\/{rel}","templated":true}]}}