{"id":224,"date":"2020-02-25T16:23:18","date_gmt":"2020-02-25T21:23:18","guid":{"rendered":"http:\/\/localhost:8888\/bubble-tubing\/?page_id=224"},"modified":"2026-04-02T09:50:30","modified_gmt":"2026-04-02T13:50:30","slug":"contactez-nous","status":"publish","type":"page","link":"https:\/\/canadianpond.ca\/fr\/contactez-nous\/","title":{"rendered":"Contactez-nous"},"content":{"rendered":"\r\n<p>&nbsp;<\/p>\r\n","protected":false},"excerpt":{"rendered":"<p>&nbsp;<\/p>\n","protected":false},"author":1,"featured_media":0,"parent":0,"menu_order":60,"comment_status":"closed","ping_status":"closed","template":"pages\/page-contactez-nous.php","meta":{"_acf_changed":false,"_relevanssi_hide_post":"","_relevanssi_hide_content":"","_relevanssi_pin_for_all":"","_relevanssi_pin_keywords":"","_relevanssi_unpin_keywords":"","_relevanssi_related_keywords":"","_relevanssi_related_include_ids":"","_relevanssi_related_exclude_ids":"","_relevanssi_related_no_append":"","_relevanssi_related_not_related":"","_relevanssi_related_posts":"","_relevanssi_noindex_reason":"","inline_featured_image":false,"footnotes":""},"class_list":["post-224","page","type-page","status-publish","hentry"],"acf":[],"yoast_head":"<!-- This site is optimized with the Yoast SEO plugin v27.5 - https:\/\/yoast.com\/product\/yoast-seo-wordpress\/ -->\n<title>Contactez-nous - Emplacement du magasin de d\u00e9tail - CanadianPond<\/title>\n<meta name=\"description\" content=\"Contactez-nous. Nous pouvons r\u00e9pondre \u00e0 vos questionnements rapidement. Nous sommes l\u00e0 pour vous, t\u00e9l\u00e9phonez-nous ou \u00e9crivez-nous par courriel.\" \/>\n<meta name=\"robots\" content=\"index, follow, max-snippet:-1, max-image-preview:large, max-video-preview:-1\" \/>\n<link rel=\"canonical\" href=\"https:\/\/canadianpond.ca\/fr\/contactez-nous\/\" \/>\n<meta property=\"og:locale\" content=\"fr_CA\" \/>\n<meta property=\"og:type\" content=\"article\" \/>\n<meta property=\"og:title\" content=\"Contactez-nous - Emplacement du magasin de d\u00e9tail - CanadianPond\" \/>\n<meta property=\"og:description\" content=\"Contactez-nous. Nous pouvons r\u00e9pondre \u00e0 vos questionnements rapidement. Nous sommes l\u00e0 pour vous, t\u00e9l\u00e9phonez-nous ou \u00e9crivez-nous par courriel.\" \/>\n<meta property=\"og:url\" content=\"https:\/\/canadianpond.ca\/fr\/contactez-nous\/\" \/>\n<meta property=\"og:site_name\" content=\"CanadianPond\" \/>\n<meta property=\"article:modified_time\" content=\"2026-04-02T13:50:30+00:00\" \/>\n<meta name=\"twitter:card\" content=\"summary_large_image\" \/>\n<script type=\"application\/ld+json\" class=\"yoast-schema-graph\">{\"@context\":\"https:\\\/\\\/schema.org\",\"@graph\":[{\"@type\":\"WebPage\",\"@id\":\"https:\\\/\\\/canadianpond.ca\\\/fr\\\/contactez-nous\\\/\",\"url\":\"https:\\\/\\\/canadianpond.ca\\\/fr\\\/contactez-nous\\\/\",\"name\":\"Contactez-nous - Emplacement du magasin de d\u00e9tail - CanadianPond\",\"isPartOf\":{\"@id\":\"https:\\\/\\\/canadianpond.ca\\\/#website\"},\"datePublished\":\"2020-02-25T21:23:18+00:00\",\"dateModified\":\"2026-04-02T13:50:30+00:00\",\"description\":\"Contactez-nous. Nous pouvons r\u00e9pondre \u00e0 vos questionnements rapidement. Nous sommes l\u00e0 pour vous, t\u00e9l\u00e9phonez-nous ou \u00e9crivez-nous par courriel.\",\"breadcrumb\":{\"@id\":\"https:\\\/\\\/canadianpond.ca\\\/fr\\\/contactez-nous\\\/#breadcrumb\"},\"inLanguage\":\"fr-CA\",\"potentialAction\":[{\"@type\":\"ReadAction\",\"target\":[\"https:\\\/\\\/canadianpond.ca\\\/fr\\\/contactez-nous\\\/\"]}]},{\"@type\":\"BreadcrumbList\",\"@id\":\"https:\\\/\\\/canadianpond.ca\\\/fr\\\/contactez-nous\\\/#breadcrumb\",\"itemListElement\":[{\"@type\":\"ListItem\",\"position\":1,\"name\":\"Home\",\"item\":\"https:\\\/\\\/canadianpond.ca\\\/fr\\\/\"},{\"@type\":\"ListItem\",\"position\":2,\"name\":\"Contactez-nous\"}]},{\"@type\":\"WebSite\",\"@id\":\"https:\\\/\\\/canadianpond.ca\\\/#website\",\"url\":\"https:\\\/\\\/canadianpond.ca\\\/\",\"name\":\"CanadianPond\",\"description\":\"Just another WordPress site\",\"potentialAction\":[{\"@type\":\"SearchAction\",\"target\":{\"@type\":\"EntryPoint\",\"urlTemplate\":\"https:\\\/\\\/canadianpond.ca\\\/?s={search_term_string}\"},\"query-input\":{\"@type\":\"PropertyValueSpecification\",\"valueRequired\":true,\"valueName\":\"search_term_string\"}}],\"inLanguage\":\"fr-CA\"}]}<\/script>\n<!-- \/ Yoast SEO plugin. -->","yoast_head_json":{"title":"Contactez-nous - Emplacement du magasin de d\u00e9tail - CanadianPond","description":"Contactez-nous. Nous pouvons r\u00e9pondre \u00e0 vos questionnements rapidement. Nous sommes l\u00e0 pour vous, t\u00e9l\u00e9phonez-nous ou \u00e9crivez-nous par courriel.","robots":{"index":"index","follow":"follow","max-snippet":"max-snippet:-1","max-image-preview":"max-image-preview:large","max-video-preview":"max-video-preview:-1"},"canonical":"https:\/\/canadianpond.ca\/fr\/contactez-nous\/","og_locale":"fr_CA","og_type":"article","og_title":"Contactez-nous - Emplacement du magasin de d\u00e9tail - CanadianPond","og_description":"Contactez-nous. Nous pouvons r\u00e9pondre \u00e0 vos questionnements rapidement. Nous sommes l\u00e0 pour vous, t\u00e9l\u00e9phonez-nous ou \u00e9crivez-nous par courriel.","og_url":"https:\/\/canadianpond.ca\/fr\/contactez-nous\/","og_site_name":"CanadianPond","article_modified_time":"2026-04-02T13:50:30+00:00","twitter_card":"summary_large_image","schema":{"@context":"https:\/\/schema.org","@graph":[{"@type":"WebPage","@id":"https:\/\/canadianpond.ca\/fr\/contactez-nous\/","url":"https:\/\/canadianpond.ca\/fr\/contactez-nous\/","name":"Contactez-nous - Emplacement du magasin de d\u00e9tail - CanadianPond","isPartOf":{"@id":"https:\/\/canadianpond.ca\/#website"},"datePublished":"2020-02-25T21:23:18+00:00","dateModified":"2026-04-02T13:50:30+00:00","description":"Contactez-nous. Nous pouvons r\u00e9pondre \u00e0 vos questionnements rapidement. Nous sommes l\u00e0 pour vous, t\u00e9l\u00e9phonez-nous ou \u00e9crivez-nous par courriel.","breadcrumb":{"@id":"https:\/\/canadianpond.ca\/fr\/contactez-nous\/#breadcrumb"},"inLanguage":"fr-CA","potentialAction":[{"@type":"ReadAction","target":["https:\/\/canadianpond.ca\/fr\/contactez-nous\/"]}]},{"@type":"BreadcrumbList","@id":"https:\/\/canadianpond.ca\/fr\/contactez-nous\/#breadcrumb","itemListElement":[{"@type":"ListItem","position":1,"name":"Home","item":"https:\/\/canadianpond.ca\/fr\/"},{"@type":"ListItem","position":2,"name":"Contactez-nous"}]},{"@type":"WebSite","@id":"https:\/\/canadianpond.ca\/#website","url":"https:\/\/canadianpond.ca\/","name":"CanadianPond","description":"Just another WordPress site","potentialAction":[{"@type":"SearchAction","target":{"@type":"EntryPoint","urlTemplate":"https:\/\/canadianpond.ca\/?s={search_term_string}"},"query-input":{"@type":"PropertyValueSpecification","valueRequired":true,"valueName":"search_term_string"}}],"inLanguage":"fr-CA"}]}},"_links":{"self":[{"href":"https:\/\/canadianpond.ca\/fr\/wp-json\/wp\/v2\/pages\/224","targetHints":{"allow":["GET"]}}],"collection":[{"href":"https:\/\/canadianpond.ca\/fr\/wp-json\/wp\/v2\/pages"}],"about":[{"href":"https:\/\/canadianpond.ca\/fr\/wp-json\/wp\/v2\/types\/page"}],"author":[{"embeddable":true,"href":"https:\/\/canadianpond.ca\/fr\/wp-json\/wp\/v2\/users\/1"}],"replies":[{"embeddable":true,"href":"https:\/\/canadianpond.ca\/fr\/wp-json\/wp\/v2\/comments?post=224"}],"version-history":[{"count":4,"href":"https:\/\/canadianpond.ca\/fr\/wp-json\/wp\/v2\/pages\/224\/revisions"}],"predecessor-version":[{"id":53147,"href":"https:\/\/canadianpond.ca\/fr\/wp-json\/wp\/v2\/pages\/224\/revisions\/53147"}],"wp:attachment":[{"href":"https:\/\/canadianpond.ca\/fr\/wp-json\/wp\/v2\/media?parent=224"}],"curies":[{"name":"wp","href":"https:\/\/api.w.org\/{rel}","templated":true}]}}