{"id":1572,"date":"2020-12-10T10:38:41","date_gmt":"2020-12-10T15:38:41","guid":{"rendered":"https:\/\/canadianpond.ca\/?page_id=1572"},"modified":"2026-03-09T16:38:42","modified_gmt":"2026-03-09T20:38:42","slug":"foire-aux-questions","status":"publish","type":"page","link":"https:\/\/canadianpond.ca\/fr\/foire-aux-questions\/","title":{"rendered":"Foire aux Questions"},"content":{"rendered":"","protected":false},"excerpt":{"rendered":"","protected":false},"author":6,"featured_media":0,"parent":0,"menu_order":0,"comment_status":"closed","ping_status":"closed","template":"","meta":{"_acf_changed":false,"_relevanssi_hide_post":"","_relevanssi_hide_content":"","_relevanssi_pin_for_all":"","_relevanssi_pin_keywords":"","_relevanssi_unpin_keywords":"","_relevanssi_related_keywords":"","_relevanssi_related_include_ids":"","_relevanssi_related_exclude_ids":"","_relevanssi_related_no_append":"","_relevanssi_related_not_related":"","_relevanssi_related_posts":"","_relevanssi_noindex_reason":"","inline_featured_image":false,"footnotes":""},"class_list":["post-1572","page","type-page","status-publish","hentry"],"acf":[],"yoast_head":"<!-- This site is optimized with the Yoast SEO plugin v27.5 - https:\/\/yoast.com\/product\/yoast-seo-wordpress\/ -->\n<title>Foire aux Questions - CanadianPond<\/title>\n<meta name=\"description\" content=\"Pour vos questions concernant l&#039;a\u00e9ration, le traitement et le d\u00e9gl\u00e7age de votre \u00e9tang r\u00e9f\u00e9rer \u00e0 cette page ou appelez-nous.\" \/>\n<meta name=\"robots\" content=\"index, follow, max-snippet:-1, max-image-preview:large, max-video-preview:-1\" \/>\n<link rel=\"canonical\" href=\"https:\/\/canadianpond.ca\/fr\/foire-aux-questions\/\" \/>\n<meta property=\"og:locale\" content=\"fr_CA\" \/>\n<meta property=\"og:type\" content=\"article\" \/>\n<meta property=\"og:title\" content=\"Foire aux Questions - CanadianPond\" \/>\n<meta property=\"og:description\" content=\"Pour vos questions concernant l&#039;a\u00e9ration, le traitement et le d\u00e9gl\u00e7age de votre \u00e9tang r\u00e9f\u00e9rer \u00e0 cette page ou appelez-nous.\" \/>\n<meta property=\"og:url\" content=\"https:\/\/canadianpond.ca\/fr\/foire-aux-questions\/\" \/>\n<meta property=\"og:site_name\" content=\"CanadianPond\" \/>\n<meta property=\"article:modified_time\" content=\"2026-03-09T20:38:42+00:00\" \/>\n<meta name=\"twitter:card\" content=\"summary_large_image\" \/>\n<script type=\"application\/ld+json\" class=\"yoast-schema-graph\">{\"@context\":\"https:\\\/\\\/schema.org\",\"@graph\":[{\"@type\":\"WebPage\",\"@id\":\"https:\\\/\\\/canadianpond.ca\\\/fr\\\/foire-aux-questions\\\/\",\"url\":\"https:\\\/\\\/canadianpond.ca\\\/fr\\\/foire-aux-questions\\\/\",\"name\":\"Foire aux Questions - CanadianPond\",\"isPartOf\":{\"@id\":\"https:\\\/\\\/canadianpond.ca\\\/#website\"},\"datePublished\":\"2020-12-10T15:38:41+00:00\",\"dateModified\":\"2026-03-09T20:38:42+00:00\",\"description\":\"Pour vos questions concernant l'a\u00e9ration, le traitement et le d\u00e9gl\u00e7age de votre \u00e9tang r\u00e9f\u00e9rer \u00e0 cette page ou appelez-nous.\",\"breadcrumb\":{\"@id\":\"https:\\\/\\\/canadianpond.ca\\\/fr\\\/foire-aux-questions\\\/#breadcrumb\"},\"inLanguage\":\"fr-CA\",\"potentialAction\":[{\"@type\":\"ReadAction\",\"target\":[\"https:\\\/\\\/canadianpond.ca\\\/fr\\\/foire-aux-questions\\\/\"]}]},{\"@type\":\"BreadcrumbList\",\"@id\":\"https:\\\/\\\/canadianpond.ca\\\/fr\\\/foire-aux-questions\\\/#breadcrumb\",\"itemListElement\":[{\"@type\":\"ListItem\",\"position\":1,\"name\":\"Home\",\"item\":\"https:\\\/\\\/canadianpond.ca\\\/fr\\\/\"},{\"@type\":\"ListItem\",\"position\":2,\"name\":\"Foire aux Questions\"}]},{\"@type\":\"WebSite\",\"@id\":\"https:\\\/\\\/canadianpond.ca\\\/#website\",\"url\":\"https:\\\/\\\/canadianpond.ca\\\/\",\"name\":\"CanadianPond\",\"description\":\"Just another WordPress site\",\"potentialAction\":[{\"@type\":\"SearchAction\",\"target\":{\"@type\":\"EntryPoint\",\"urlTemplate\":\"https:\\\/\\\/canadianpond.ca\\\/?s={search_term_string}\"},\"query-input\":{\"@type\":\"PropertyValueSpecification\",\"valueRequired\":true,\"valueName\":\"search_term_string\"}}],\"inLanguage\":\"fr-CA\"}]}<\/script>\n<!-- \/ Yoast SEO plugin. -->","yoast_head_json":{"title":"Foire aux Questions - CanadianPond","description":"Pour vos questions concernant l'a\u00e9ration, le traitement et le d\u00e9gl\u00e7age de votre \u00e9tang r\u00e9f\u00e9rer \u00e0 cette page ou appelez-nous.","robots":{"index":"index","follow":"follow","max-snippet":"max-snippet:-1","max-image-preview":"max-image-preview:large","max-video-preview":"max-video-preview:-1"},"canonical":"https:\/\/canadianpond.ca\/fr\/foire-aux-questions\/","og_locale":"fr_CA","og_type":"article","og_title":"Foire aux Questions - CanadianPond","og_description":"Pour vos questions concernant l'a\u00e9ration, le traitement et le d\u00e9gl\u00e7age de votre \u00e9tang r\u00e9f\u00e9rer \u00e0 cette page ou appelez-nous.","og_url":"https:\/\/canadianpond.ca\/fr\/foire-aux-questions\/","og_site_name":"CanadianPond","article_modified_time":"2026-03-09T20:38:42+00:00","twitter_card":"summary_large_image","schema":{"@context":"https:\/\/schema.org","@graph":[{"@type":"WebPage","@id":"https:\/\/canadianpond.ca\/fr\/foire-aux-questions\/","url":"https:\/\/canadianpond.ca\/fr\/foire-aux-questions\/","name":"Foire aux Questions - CanadianPond","isPartOf":{"@id":"https:\/\/canadianpond.ca\/#website"},"datePublished":"2020-12-10T15:38:41+00:00","dateModified":"2026-03-09T20:38:42+00:00","description":"Pour vos questions concernant l'a\u00e9ration, le traitement et le d\u00e9gl\u00e7age de votre \u00e9tang r\u00e9f\u00e9rer \u00e0 cette page ou appelez-nous.","breadcrumb":{"@id":"https:\/\/canadianpond.ca\/fr\/foire-aux-questions\/#breadcrumb"},"inLanguage":"fr-CA","potentialAction":[{"@type":"ReadAction","target":["https:\/\/canadianpond.ca\/fr\/foire-aux-questions\/"]}]},{"@type":"BreadcrumbList","@id":"https:\/\/canadianpond.ca\/fr\/foire-aux-questions\/#breadcrumb","itemListElement":[{"@type":"ListItem","position":1,"name":"Home","item":"https:\/\/canadianpond.ca\/fr\/"},{"@type":"ListItem","position":2,"name":"Foire aux Questions"}]},{"@type":"WebSite","@id":"https:\/\/canadianpond.ca\/#website","url":"https:\/\/canadianpond.ca\/","name":"CanadianPond","description":"Just another WordPress site","potentialAction":[{"@type":"SearchAction","target":{"@type":"EntryPoint","urlTemplate":"https:\/\/canadianpond.ca\/?s={search_term_string}"},"query-input":{"@type":"PropertyValueSpecification","valueRequired":true,"valueName":"search_term_string"}}],"inLanguage":"fr-CA"}]}},"_links":{"self":[{"href":"https:\/\/canadianpond.ca\/fr\/wp-json\/wp\/v2\/pages\/1572","targetHints":{"allow":["GET"]}}],"collection":[{"href":"https:\/\/canadianpond.ca\/fr\/wp-json\/wp\/v2\/pages"}],"about":[{"href":"https:\/\/canadianpond.ca\/fr\/wp-json\/wp\/v2\/types\/page"}],"author":[{"embeddable":true,"href":"https:\/\/canadianpond.ca\/fr\/wp-json\/wp\/v2\/users\/6"}],"replies":[{"embeddable":true,"href":"https:\/\/canadianpond.ca\/fr\/wp-json\/wp\/v2\/comments?post=1572"}],"version-history":[{"count":9,"href":"https:\/\/canadianpond.ca\/fr\/wp-json\/wp\/v2\/pages\/1572\/revisions"}],"predecessor-version":[{"id":52996,"href":"https:\/\/canadianpond.ca\/fr\/wp-json\/wp\/v2\/pages\/1572\/revisions\/52996"}],"wp:attachment":[{"href":"https:\/\/canadianpond.ca\/fr\/wp-json\/wp\/v2\/media?parent=1572"}],"curies":[{"name":"wp","href":"https:\/\/api.w.org\/{rel}","templated":true}]}}