{"id":1417,"date":"2020-12-07T13:47:30","date_gmt":"2020-12-07T18:47:30","guid":{"rendered":"https:\/\/canadianpond.ca\/?page_id=1417"},"modified":"2025-09-04T14:29:38","modified_gmt":"2025-09-04T18:29:38","slug":"centre-de-service-autorise","status":"publish","type":"page","link":"https:\/\/canadianpond.ca\/fr\/services\/centre-de-service-autorise\/","title":{"rendered":"Entretien et R\u00e9paration"},"content":{"rendered":"","protected":false},"excerpt":{"rendered":"","protected":false},"author":6,"featured_media":806,"parent":771,"menu_order":0,"comment_status":"closed","ping_status":"closed","template":"","meta":{"_acf_changed":false,"_relevanssi_hide_post":"","_relevanssi_hide_content":"","_relevanssi_pin_for_all":"","_relevanssi_pin_keywords":"","_relevanssi_unpin_keywords":"","_relevanssi_related_keywords":"","_relevanssi_related_include_ids":"","_relevanssi_related_exclude_ids":"","_relevanssi_related_no_append":"","_relevanssi_related_not_related":"","_relevanssi_related_posts":"","_relevanssi_noindex_reason":"","inline_featured_image":false,"footnotes":""},"class_list":["post-1417","page","type-page","status-publish","has-post-thumbnail","hentry"],"acf":[],"yoast_head":"<!-- This site is optimized with the Yoast SEO plugin v27.2 - https:\/\/yoast.com\/product\/yoast-seo-wordpress\/ -->\n<title>Entretien et R\u00e9paration - CanadianPond<\/title>\n<meta name=\"description\" content=\"Nous sommes fiers d&#039;\u00eatre un centre de service autoris\u00e9 pour Kasco Marine, Vertex Water Features, Aqua Master, Outdoor Water Solutions et Koenders\" \/>\n<meta name=\"robots\" content=\"index, follow, max-snippet:-1, max-image-preview:large, max-video-preview:-1\" \/>\n<link rel=\"canonical\" href=\"https:\/\/canadianpond.ca\/fr\/services\/centre-de-service-autorise\/\" \/>\n<meta property=\"og:locale\" content=\"fr_CA\" \/>\n<meta property=\"og:type\" content=\"article\" \/>\n<meta property=\"og:title\" content=\"Entretien et R\u00e9paration - CanadianPond\" \/>\n<meta property=\"og:description\" content=\"Nous sommes fiers d&#039;\u00eatre un centre de service autoris\u00e9 pour Kasco Marine, Vertex Water Features, Aqua Master, Outdoor Water Solutions et Koenders\" \/>\n<meta property=\"og:url\" content=\"https:\/\/canadianpond.ca\/fr\/services\/centre-de-service-autorise\/\" \/>\n<meta property=\"og:site_name\" content=\"CanadianPond\" \/>\n<meta property=\"article:modified_time\" content=\"2025-09-04T18:29:38+00:00\" \/>\n<meta property=\"og:image\" content=\"https:\/\/canadianpond.ca\/wp-content\/uploads\/2020\/04\/canadian-pond_bulles-eau-2_carre.jpg\" \/>\n\t<meta property=\"og:image:width\" content=\"700\" \/>\n\t<meta property=\"og:image:height\" content=\"700\" \/>\n\t<meta property=\"og:image:type\" content=\"image\/jpeg\" \/>\n<meta name=\"twitter:card\" content=\"summary_large_image\" \/>\n<meta name=\"twitter:label1\" content=\"Est. reading time\" \/>\n\t<meta name=\"twitter:data1\" content=\"1 minute\" \/>\n<script type=\"application\/ld+json\" class=\"yoast-schema-graph\">{\"@context\":\"https:\/\/schema.org\",\"@graph\":[{\"@type\":\"WebPage\",\"@id\":\"https:\/\/canadianpond.ca\/fr\/services\/centre-de-service-autorise\/\",\"url\":\"https:\/\/canadianpond.ca\/fr\/services\/centre-de-service-autorise\/\",\"name\":\"Entretien et R\u00e9paration - CanadianPond\",\"isPartOf\":{\"@id\":\"https:\/\/canadianpond.ca\/#website\"},\"primaryImageOfPage\":{\"@id\":\"https:\/\/canadianpond.ca\/fr\/services\/centre-de-service-autorise\/#primaryimage\"},\"image\":{\"@id\":\"https:\/\/canadianpond.ca\/fr\/services\/centre-de-service-autorise\/#primaryimage\"},\"thumbnailUrl\":\"https:\/\/canadianpond.ca\/wp-content\/uploads\/2020\/04\/canadian-pond_bulles-eau-2_carre.jpg\",\"datePublished\":\"2020-12-07T18:47:30+00:00\",\"dateModified\":\"2025-09-04T18:29:38+00:00\",\"description\":\"Nous sommes fiers d'\u00eatre un centre de service autoris\u00e9 pour Kasco Marine, Vertex Water Features, Aqua Master, Outdoor Water Solutions et Koenders\",\"breadcrumb\":{\"@id\":\"https:\/\/canadianpond.ca\/fr\/services\/centre-de-service-autorise\/#breadcrumb\"},\"inLanguage\":\"fr-CA\",\"potentialAction\":[{\"@type\":\"ReadAction\",\"target\":[\"https:\/\/canadianpond.ca\/fr\/services\/centre-de-service-autorise\/\"]}]},{\"@type\":\"ImageObject\",\"inLanguage\":\"fr-CA\",\"@id\":\"https:\/\/canadianpond.ca\/fr\/services\/centre-de-service-autorise\/#primaryimage\",\"url\":\"https:\/\/canadianpond.ca\/wp-content\/uploads\/2020\/04\/canadian-pond_bulles-eau-2_carre.jpg\",\"contentUrl\":\"https:\/\/canadianpond.ca\/wp-content\/uploads\/2020\/04\/canadian-pond_bulles-eau-2_carre.jpg\",\"width\":700,\"height\":700},{\"@type\":\"BreadcrumbList\",\"@id\":\"https:\/\/canadianpond.ca\/fr\/services\/centre-de-service-autorise\/#breadcrumb\",\"itemListElement\":[{\"@type\":\"ListItem\",\"position\":1,\"name\":\"Home\",\"item\":\"https:\/\/canadianpond.ca\/fr\/\"},{\"@type\":\"ListItem\",\"position\":2,\"name\":\"Services\",\"item\":\"https:\/\/canadianpond.ca\/fr\/services\/\"},{\"@type\":\"ListItem\",\"position\":3,\"name\":\"Entretien et R\u00e9paration\"}]},{\"@type\":\"WebSite\",\"@id\":\"https:\/\/canadianpond.ca\/#website\",\"url\":\"https:\/\/canadianpond.ca\/\",\"name\":\"CanadianPond\",\"description\":\"Just another WordPress site\",\"potentialAction\":[{\"@type\":\"SearchAction\",\"target\":{\"@type\":\"EntryPoint\",\"urlTemplate\":\"https:\/\/canadianpond.ca\/?s={search_term_string}\"},\"query-input\":{\"@type\":\"PropertyValueSpecification\",\"valueRequired\":true,\"valueName\":\"search_term_string\"}}],\"inLanguage\":\"fr-CA\"}]}<\/script>\n<!-- \/ Yoast SEO plugin. -->","yoast_head_json":{"title":"Entretien et R\u00e9paration - CanadianPond","description":"Nous sommes fiers d'\u00eatre un centre de service autoris\u00e9 pour Kasco Marine, Vertex Water Features, Aqua Master, Outdoor Water Solutions et Koenders","robots":{"index":"index","follow":"follow","max-snippet":"max-snippet:-1","max-image-preview":"max-image-preview:large","max-video-preview":"max-video-preview:-1"},"canonical":"https:\/\/canadianpond.ca\/fr\/services\/centre-de-service-autorise\/","og_locale":"fr_CA","og_type":"article","og_title":"Entretien et R\u00e9paration - CanadianPond","og_description":"Nous sommes fiers d'\u00eatre un centre de service autoris\u00e9 pour Kasco Marine, Vertex Water Features, Aqua Master, Outdoor Water Solutions et Koenders","og_url":"https:\/\/canadianpond.ca\/fr\/services\/centre-de-service-autorise\/","og_site_name":"CanadianPond","article_modified_time":"2025-09-04T18:29:38+00:00","og_image":[{"width":700,"height":700,"url":"https:\/\/canadianpond.ca\/wp-content\/uploads\/2020\/04\/canadian-pond_bulles-eau-2_carre.jpg","type":"image\/jpeg"}],"twitter_card":"summary_large_image","twitter_misc":{"Est. reading time":"1 minute"},"schema":{"@context":"https:\/\/schema.org","@graph":[{"@type":"WebPage","@id":"https:\/\/canadianpond.ca\/fr\/services\/centre-de-service-autorise\/","url":"https:\/\/canadianpond.ca\/fr\/services\/centre-de-service-autorise\/","name":"Entretien et R\u00e9paration - CanadianPond","isPartOf":{"@id":"https:\/\/canadianpond.ca\/#website"},"primaryImageOfPage":{"@id":"https:\/\/canadianpond.ca\/fr\/services\/centre-de-service-autorise\/#primaryimage"},"image":{"@id":"https:\/\/canadianpond.ca\/fr\/services\/centre-de-service-autorise\/#primaryimage"},"thumbnailUrl":"https:\/\/canadianpond.ca\/wp-content\/uploads\/2020\/04\/canadian-pond_bulles-eau-2_carre.jpg","datePublished":"2020-12-07T18:47:30+00:00","dateModified":"2025-09-04T18:29:38+00:00","description":"Nous sommes fiers d'\u00eatre un centre de service autoris\u00e9 pour Kasco Marine, Vertex Water Features, Aqua Master, Outdoor Water Solutions et Koenders","breadcrumb":{"@id":"https:\/\/canadianpond.ca\/fr\/services\/centre-de-service-autorise\/#breadcrumb"},"inLanguage":"fr-CA","potentialAction":[{"@type":"ReadAction","target":["https:\/\/canadianpond.ca\/fr\/services\/centre-de-service-autorise\/"]}]},{"@type":"ImageObject","inLanguage":"fr-CA","@id":"https:\/\/canadianpond.ca\/fr\/services\/centre-de-service-autorise\/#primaryimage","url":"https:\/\/canadianpond.ca\/wp-content\/uploads\/2020\/04\/canadian-pond_bulles-eau-2_carre.jpg","contentUrl":"https:\/\/canadianpond.ca\/wp-content\/uploads\/2020\/04\/canadian-pond_bulles-eau-2_carre.jpg","width":700,"height":700},{"@type":"BreadcrumbList","@id":"https:\/\/canadianpond.ca\/fr\/services\/centre-de-service-autorise\/#breadcrumb","itemListElement":[{"@type":"ListItem","position":1,"name":"Home","item":"https:\/\/canadianpond.ca\/fr\/"},{"@type":"ListItem","position":2,"name":"Services","item":"https:\/\/canadianpond.ca\/fr\/services\/"},{"@type":"ListItem","position":3,"name":"Entretien et R\u00e9paration"}]},{"@type":"WebSite","@id":"https:\/\/canadianpond.ca\/#website","url":"https:\/\/canadianpond.ca\/","name":"CanadianPond","description":"Just another WordPress site","potentialAction":[{"@type":"SearchAction","target":{"@type":"EntryPoint","urlTemplate":"https:\/\/canadianpond.ca\/?s={search_term_string}"},"query-input":{"@type":"PropertyValueSpecification","valueRequired":true,"valueName":"search_term_string"}}],"inLanguage":"fr-CA"}]}},"_links":{"self":[{"href":"https:\/\/canadianpond.ca\/fr\/wp-json\/wp\/v2\/pages\/1417","targetHints":{"allow":["GET"]}}],"collection":[{"href":"https:\/\/canadianpond.ca\/fr\/wp-json\/wp\/v2\/pages"}],"about":[{"href":"https:\/\/canadianpond.ca\/fr\/wp-json\/wp\/v2\/types\/page"}],"author":[{"embeddable":true,"href":"https:\/\/canadianpond.ca\/fr\/wp-json\/wp\/v2\/users\/6"}],"replies":[{"embeddable":true,"href":"https:\/\/canadianpond.ca\/fr\/wp-json\/wp\/v2\/comments?post=1417"}],"version-history":[{"count":3,"href":"https:\/\/canadianpond.ca\/fr\/wp-json\/wp\/v2\/pages\/1417\/revisions"}],"predecessor-version":[{"id":51236,"href":"https:\/\/canadianpond.ca\/fr\/wp-json\/wp\/v2\/pages\/1417\/revisions\/51236"}],"up":[{"embeddable":true,"href":"https:\/\/canadianpond.ca\/fr\/wp-json\/wp\/v2\/pages\/771"}],"wp:featuredmedia":[{"embeddable":true,"href":"https:\/\/canadianpond.ca\/fr\/wp-json\/wp\/v2\/media\/806"}],"wp:attachment":[{"href":"https:\/\/canadianpond.ca\/fr\/wp-json\/wp\/v2\/media?parent=1417"}],"curies":[{"name":"wp","href":"https:\/\/api.w.org\/{rel}","templated":true}]}}