{"id":1306,"date":"2020-12-02T14:07:37","date_gmt":"2020-12-02T19:07:37","guid":{"rendered":"https:\/\/canadianpond.ca\/?page_id=1306"},"modified":"2026-03-30T14:01:56","modified_gmt":"2026-03-30T18:01:56","slug":"traitements-deau-bacterius","status":"publish","type":"page","link":"https:\/\/canadianpond.ca\/fr\/solutions\/traitements-deau-bacterius\/","title":{"rendered":"Traitements d\u2019eau Bacterius\u00ae"},"content":{"rendered":"","protected":false},"excerpt":{"rendered":"","protected":false},"author":6,"featured_media":0,"parent":207,"menu_order":0,"comment_status":"closed","ping_status":"closed","template":"pages\/page-solution.php","meta":{"_acf_changed":false,"_relevanssi_hide_post":"","_relevanssi_hide_content":"","_relevanssi_pin_for_all":"","_relevanssi_pin_keywords":"","_relevanssi_unpin_keywords":"","_relevanssi_related_keywords":"","_relevanssi_related_include_ids":"","_relevanssi_related_exclude_ids":"","_relevanssi_related_no_append":"","_relevanssi_related_not_related":"","_relevanssi_related_posts":"","_relevanssi_noindex_reason":"","inline_featured_image":false,"footnotes":""},"class_list":["post-1306","page","type-page","status-publish","hentry"],"acf":[],"yoast_head":"<!-- This site is optimized with the Yoast SEO plugin v27.5 - https:\/\/yoast.com\/product\/yoast-seo-wordpress\/ -->\n<title>Bioaugmentation et traitements d&#039;eau Bacterius - CanadianPond<\/title>\n<meta name=\"description\" content=\"Bacterius\u00ae, bact\u00e9ries pour \u00e9tang concentr\u00e9es . R\u00e9duit les nutriments excessif, la croissance d&#039;algues, et les boues des \u00e9tangs et des lacs\" \/>\n<meta name=\"robots\" content=\"index, follow, max-snippet:-1, max-image-preview:large, max-video-preview:-1\" \/>\n<link rel=\"canonical\" href=\"https:\/\/canadianpond.ca\/fr\/solutions\/traitements-deau-bacterius\/\" \/>\n<meta property=\"og:locale\" content=\"fr_CA\" \/>\n<meta property=\"og:type\" content=\"article\" \/>\n<meta property=\"og:title\" content=\"Bioaugmentation et traitements d&#039;eau Bacterius - CanadianPond\" \/>\n<meta property=\"og:description\" content=\"Bacterius\u00ae, bact\u00e9ries pour \u00e9tang concentr\u00e9es . R\u00e9duit les nutriments excessif, la croissance d&#039;algues, et les boues des \u00e9tangs et des lacs\" \/>\n<meta property=\"og:url\" content=\"https:\/\/canadianpond.ca\/fr\/solutions\/traitements-deau-bacterius\/\" \/>\n<meta property=\"og:site_name\" content=\"CanadianPond\" \/>\n<meta property=\"article:modified_time\" content=\"2026-03-30T18:01:56+00:00\" \/>\n<meta name=\"twitter:card\" content=\"summary_large_image\" \/>\n<script type=\"application\/ld+json\" class=\"yoast-schema-graph\">{\"@context\":\"https:\\\/\\\/schema.org\",\"@graph\":[{\"@type\":\"WebPage\",\"@id\":\"https:\\\/\\\/canadianpond.ca\\\/fr\\\/solutions\\\/traitements-deau-bacterius\\\/\",\"url\":\"https:\\\/\\\/canadianpond.ca\\\/fr\\\/solutions\\\/traitements-deau-bacterius\\\/\",\"name\":\"Bioaugmentation et traitements d'eau Bacterius - CanadianPond\",\"isPartOf\":{\"@id\":\"https:\\\/\\\/canadianpond.ca\\\/#website\"},\"datePublished\":\"2020-12-02T19:07:37+00:00\",\"dateModified\":\"2026-03-30T18:01:56+00:00\",\"description\":\"Bacterius\u00ae, bact\u00e9ries pour \u00e9tang concentr\u00e9es . R\u00e9duit les nutriments excessif, la croissance d'algues, et les boues des \u00e9tangs et des lacs\",\"breadcrumb\":{\"@id\":\"https:\\\/\\\/canadianpond.ca\\\/fr\\\/solutions\\\/traitements-deau-bacterius\\\/#breadcrumb\"},\"inLanguage\":\"fr-CA\",\"potentialAction\":[{\"@type\":\"ReadAction\",\"target\":[\"https:\\\/\\\/canadianpond.ca\\\/fr\\\/solutions\\\/traitements-deau-bacterius\\\/\"]}]},{\"@type\":\"BreadcrumbList\",\"@id\":\"https:\\\/\\\/canadianpond.ca\\\/fr\\\/solutions\\\/traitements-deau-bacterius\\\/#breadcrumb\",\"itemListElement\":[{\"@type\":\"ListItem\",\"position\":1,\"name\":\"Home\",\"item\":\"https:\\\/\\\/canadianpond.ca\\\/fr\\\/\"},{\"@type\":\"ListItem\",\"position\":2,\"name\":\"Solutions\",\"item\":\"https:\\\/\\\/canadianpond.ca\\\/fr\\\/solutions\\\/\"},{\"@type\":\"ListItem\",\"position\":3,\"name\":\"Traitements d\u2019eau Bacterius\u00ae\"}]},{\"@type\":\"WebSite\",\"@id\":\"https:\\\/\\\/canadianpond.ca\\\/#website\",\"url\":\"https:\\\/\\\/canadianpond.ca\\\/\",\"name\":\"CanadianPond\",\"description\":\"Just another WordPress site\",\"potentialAction\":[{\"@type\":\"SearchAction\",\"target\":{\"@type\":\"EntryPoint\",\"urlTemplate\":\"https:\\\/\\\/canadianpond.ca\\\/?s={search_term_string}\"},\"query-input\":{\"@type\":\"PropertyValueSpecification\",\"valueRequired\":true,\"valueName\":\"search_term_string\"}}],\"inLanguage\":\"fr-CA\"}]}<\/script>\n<!-- \/ Yoast SEO plugin. -->","yoast_head_json":{"title":"Bioaugmentation et traitements d'eau Bacterius - CanadianPond","description":"Bacterius\u00ae, bact\u00e9ries pour \u00e9tang concentr\u00e9es . R\u00e9duit les nutriments excessif, la croissance d'algues, et les boues des \u00e9tangs et des lacs","robots":{"index":"index","follow":"follow","max-snippet":"max-snippet:-1","max-image-preview":"max-image-preview:large","max-video-preview":"max-video-preview:-1"},"canonical":"https:\/\/canadianpond.ca\/fr\/solutions\/traitements-deau-bacterius\/","og_locale":"fr_CA","og_type":"article","og_title":"Bioaugmentation et traitements d'eau Bacterius - CanadianPond","og_description":"Bacterius\u00ae, bact\u00e9ries pour \u00e9tang concentr\u00e9es . R\u00e9duit les nutriments excessif, la croissance d'algues, et les boues des \u00e9tangs et des lacs","og_url":"https:\/\/canadianpond.ca\/fr\/solutions\/traitements-deau-bacterius\/","og_site_name":"CanadianPond","article_modified_time":"2026-03-30T18:01:56+00:00","twitter_card":"summary_large_image","schema":{"@context":"https:\/\/schema.org","@graph":[{"@type":"WebPage","@id":"https:\/\/canadianpond.ca\/fr\/solutions\/traitements-deau-bacterius\/","url":"https:\/\/canadianpond.ca\/fr\/solutions\/traitements-deau-bacterius\/","name":"Bioaugmentation et traitements d'eau Bacterius - CanadianPond","isPartOf":{"@id":"https:\/\/canadianpond.ca\/#website"},"datePublished":"2020-12-02T19:07:37+00:00","dateModified":"2026-03-30T18:01:56+00:00","description":"Bacterius\u00ae, bact\u00e9ries pour \u00e9tang concentr\u00e9es . R\u00e9duit les nutriments excessif, la croissance d'algues, et les boues des \u00e9tangs et des lacs","breadcrumb":{"@id":"https:\/\/canadianpond.ca\/fr\/solutions\/traitements-deau-bacterius\/#breadcrumb"},"inLanguage":"fr-CA","potentialAction":[{"@type":"ReadAction","target":["https:\/\/canadianpond.ca\/fr\/solutions\/traitements-deau-bacterius\/"]}]},{"@type":"BreadcrumbList","@id":"https:\/\/canadianpond.ca\/fr\/solutions\/traitements-deau-bacterius\/#breadcrumb","itemListElement":[{"@type":"ListItem","position":1,"name":"Home","item":"https:\/\/canadianpond.ca\/fr\/"},{"@type":"ListItem","position":2,"name":"Solutions","item":"https:\/\/canadianpond.ca\/fr\/solutions\/"},{"@type":"ListItem","position":3,"name":"Traitements d\u2019eau Bacterius\u00ae"}]},{"@type":"WebSite","@id":"https:\/\/canadianpond.ca\/#website","url":"https:\/\/canadianpond.ca\/","name":"CanadianPond","description":"Just another WordPress site","potentialAction":[{"@type":"SearchAction","target":{"@type":"EntryPoint","urlTemplate":"https:\/\/canadianpond.ca\/?s={search_term_string}"},"query-input":{"@type":"PropertyValueSpecification","valueRequired":true,"valueName":"search_term_string"}}],"inLanguage":"fr-CA"}]}},"_links":{"self":[{"href":"https:\/\/canadianpond.ca\/fr\/wp-json\/wp\/v2\/pages\/1306","targetHints":{"allow":["GET"]}}],"collection":[{"href":"https:\/\/canadianpond.ca\/fr\/wp-json\/wp\/v2\/pages"}],"about":[{"href":"https:\/\/canadianpond.ca\/fr\/wp-json\/wp\/v2\/types\/page"}],"author":[{"embeddable":true,"href":"https:\/\/canadianpond.ca\/fr\/wp-json\/wp\/v2\/users\/6"}],"replies":[{"embeddable":true,"href":"https:\/\/canadianpond.ca\/fr\/wp-json\/wp\/v2\/comments?post=1306"}],"version-history":[{"count":8,"href":"https:\/\/canadianpond.ca\/fr\/wp-json\/wp\/v2\/pages\/1306\/revisions"}],"predecessor-version":[{"id":53130,"href":"https:\/\/canadianpond.ca\/fr\/wp-json\/wp\/v2\/pages\/1306\/revisions\/53130"}],"up":[{"embeddable":true,"href":"https:\/\/canadianpond.ca\/fr\/wp-json\/wp\/v2\/pages\/207"}],"wp:attachment":[{"href":"https:\/\/canadianpond.ca\/fr\/wp-json\/wp\/v2\/media?parent=1306"}],"curies":[{"name":"wp","href":"https:\/\/api.w.org\/{rel}","templated":true}]}}