{"id":1297,"date":"2020-12-02T13:02:18","date_gmt":"2020-12-02T18:02:18","guid":{"rendered":"https:\/\/canadianpond.ca\/?page_id=1297"},"modified":"2025-10-23T11:43:03","modified_gmt":"2025-10-23T15:43:03","slug":"outils-et-accessoires-aquatiques","status":"publish","type":"page","link":"https:\/\/canadianpond.ca\/fr\/solutions\/outils-et-accessoires-aquatiques\/","title":{"rendered":"Outils et accessoires aquatiques"},"content":{"rendered":"","protected":false},"excerpt":{"rendered":"","protected":false},"author":6,"featured_media":0,"parent":207,"menu_order":0,"comment_status":"closed","ping_status":"closed","template":"pages\/page-solution.php","meta":{"_acf_changed":false,"_relevanssi_hide_post":"","_relevanssi_hide_content":"","_relevanssi_pin_for_all":"","_relevanssi_pin_keywords":"","_relevanssi_unpin_keywords":"","_relevanssi_related_keywords":"","_relevanssi_related_include_ids":"","_relevanssi_related_exclude_ids":"","_relevanssi_related_no_append":"","_relevanssi_related_not_related":"","_relevanssi_related_posts":"","_relevanssi_noindex_reason":"","inline_featured_image":false,"footnotes":""},"class_list":["post-1297","page","type-page","status-publish","hentry"],"acf":[],"yoast_head":"<!-- This site is optimized with the Yoast SEO plugin v27.2 - https:\/\/yoast.com\/product\/yoast-seo-wordpress\/ -->\n<title>Outils et accessoires aquatiques - CanadianPond<\/title>\n<meta name=\"description\" content=\"Nous poss\u00e9dons une vaste exp\u00e9rience en gestion aquatique pour un large \u00e9ventail de probl\u00e9matiques reli\u00e9es \u00e0 l\u2019eau.\" \/>\n<meta name=\"robots\" content=\"index, follow, max-snippet:-1, max-image-preview:large, max-video-preview:-1\" \/>\n<link rel=\"canonical\" href=\"https:\/\/canadianpond.ca\/fr\/solutions\/outils-et-accessoires-aquatiques\/\" \/>\n<meta property=\"og:locale\" content=\"fr_CA\" \/>\n<meta property=\"og:type\" content=\"article\" \/>\n<meta property=\"og:title\" content=\"Outils et accessoires aquatiques - CanadianPond\" \/>\n<meta property=\"og:description\" content=\"Nous poss\u00e9dons une vaste exp\u00e9rience en gestion aquatique pour un large \u00e9ventail de probl\u00e9matiques reli\u00e9es \u00e0 l\u2019eau.\" \/>\n<meta property=\"og:url\" content=\"https:\/\/canadianpond.ca\/fr\/solutions\/outils-et-accessoires-aquatiques\/\" \/>\n<meta property=\"og:site_name\" content=\"CanadianPond\" \/>\n<meta property=\"article:modified_time\" content=\"2025-10-23T15:43:03+00:00\" \/>\n<meta name=\"twitter:card\" content=\"summary_large_image\" \/>\n<script type=\"application\/ld+json\" class=\"yoast-schema-graph\">{\"@context\":\"https:\/\/schema.org\",\"@graph\":[{\"@type\":\"WebPage\",\"@id\":\"https:\/\/canadianpond.ca\/fr\/solutions\/outils-et-accessoires-aquatiques\/\",\"url\":\"https:\/\/canadianpond.ca\/fr\/solutions\/outils-et-accessoires-aquatiques\/\",\"name\":\"Outils et accessoires aquatiques - CanadianPond\",\"isPartOf\":{\"@id\":\"https:\/\/canadianpond.ca\/#website\"},\"datePublished\":\"2020-12-02T18:02:18+00:00\",\"dateModified\":\"2025-10-23T15:43:03+00:00\",\"description\":\"Nous poss\u00e9dons une vaste exp\u00e9rience en gestion aquatique pour un large \u00e9ventail de probl\u00e9matiques reli\u00e9es \u00e0 l\u2019eau.\",\"breadcrumb\":{\"@id\":\"https:\/\/canadianpond.ca\/fr\/solutions\/outils-et-accessoires-aquatiques\/#breadcrumb\"},\"inLanguage\":\"fr-CA\",\"potentialAction\":[{\"@type\":\"ReadAction\",\"target\":[\"https:\/\/canadianpond.ca\/fr\/solutions\/outils-et-accessoires-aquatiques\/\"]}]},{\"@type\":\"BreadcrumbList\",\"@id\":\"https:\/\/canadianpond.ca\/fr\/solutions\/outils-et-accessoires-aquatiques\/#breadcrumb\",\"itemListElement\":[{\"@type\":\"ListItem\",\"position\":1,\"name\":\"Home\",\"item\":\"https:\/\/canadianpond.ca\/fr\/\"},{\"@type\":\"ListItem\",\"position\":2,\"name\":\"Solutions\",\"item\":\"https:\/\/canadianpond.ca\/fr\/solutions\/\"},{\"@type\":\"ListItem\",\"position\":3,\"name\":\"Outils et accessoires aquatiques\"}]},{\"@type\":\"WebSite\",\"@id\":\"https:\/\/canadianpond.ca\/#website\",\"url\":\"https:\/\/canadianpond.ca\/\",\"name\":\"CanadianPond\",\"description\":\"Just another WordPress site\",\"potentialAction\":[{\"@type\":\"SearchAction\",\"target\":{\"@type\":\"EntryPoint\",\"urlTemplate\":\"https:\/\/canadianpond.ca\/?s={search_term_string}\"},\"query-input\":{\"@type\":\"PropertyValueSpecification\",\"valueRequired\":true,\"valueName\":\"search_term_string\"}}],\"inLanguage\":\"fr-CA\"}]}<\/script>\n<!-- \/ Yoast SEO plugin. -->","yoast_head_json":{"title":"Outils et accessoires aquatiques - CanadianPond","description":"Nous poss\u00e9dons une vaste exp\u00e9rience en gestion aquatique pour un large \u00e9ventail de probl\u00e9matiques reli\u00e9es \u00e0 l\u2019eau.","robots":{"index":"index","follow":"follow","max-snippet":"max-snippet:-1","max-image-preview":"max-image-preview:large","max-video-preview":"max-video-preview:-1"},"canonical":"https:\/\/canadianpond.ca\/fr\/solutions\/outils-et-accessoires-aquatiques\/","og_locale":"fr_CA","og_type":"article","og_title":"Outils et accessoires aquatiques - CanadianPond","og_description":"Nous poss\u00e9dons une vaste exp\u00e9rience en gestion aquatique pour un large \u00e9ventail de probl\u00e9matiques reli\u00e9es \u00e0 l\u2019eau.","og_url":"https:\/\/canadianpond.ca\/fr\/solutions\/outils-et-accessoires-aquatiques\/","og_site_name":"CanadianPond","article_modified_time":"2025-10-23T15:43:03+00:00","twitter_card":"summary_large_image","schema":{"@context":"https:\/\/schema.org","@graph":[{"@type":"WebPage","@id":"https:\/\/canadianpond.ca\/fr\/solutions\/outils-et-accessoires-aquatiques\/","url":"https:\/\/canadianpond.ca\/fr\/solutions\/outils-et-accessoires-aquatiques\/","name":"Outils et accessoires aquatiques - CanadianPond","isPartOf":{"@id":"https:\/\/canadianpond.ca\/#website"},"datePublished":"2020-12-02T18:02:18+00:00","dateModified":"2025-10-23T15:43:03+00:00","description":"Nous poss\u00e9dons une vaste exp\u00e9rience en gestion aquatique pour un large \u00e9ventail de probl\u00e9matiques reli\u00e9es \u00e0 l\u2019eau.","breadcrumb":{"@id":"https:\/\/canadianpond.ca\/fr\/solutions\/outils-et-accessoires-aquatiques\/#breadcrumb"},"inLanguage":"fr-CA","potentialAction":[{"@type":"ReadAction","target":["https:\/\/canadianpond.ca\/fr\/solutions\/outils-et-accessoires-aquatiques\/"]}]},{"@type":"BreadcrumbList","@id":"https:\/\/canadianpond.ca\/fr\/solutions\/outils-et-accessoires-aquatiques\/#breadcrumb","itemListElement":[{"@type":"ListItem","position":1,"name":"Home","item":"https:\/\/canadianpond.ca\/fr\/"},{"@type":"ListItem","position":2,"name":"Solutions","item":"https:\/\/canadianpond.ca\/fr\/solutions\/"},{"@type":"ListItem","position":3,"name":"Outils et accessoires aquatiques"}]},{"@type":"WebSite","@id":"https:\/\/canadianpond.ca\/#website","url":"https:\/\/canadianpond.ca\/","name":"CanadianPond","description":"Just another WordPress site","potentialAction":[{"@type":"SearchAction","target":{"@type":"EntryPoint","urlTemplate":"https:\/\/canadianpond.ca\/?s={search_term_string}"},"query-input":{"@type":"PropertyValueSpecification","valueRequired":true,"valueName":"search_term_string"}}],"inLanguage":"fr-CA"}]}},"_links":{"self":[{"href":"https:\/\/canadianpond.ca\/fr\/wp-json\/wp\/v2\/pages\/1297","targetHints":{"allow":["GET"]}}],"collection":[{"href":"https:\/\/canadianpond.ca\/fr\/wp-json\/wp\/v2\/pages"}],"about":[{"href":"https:\/\/canadianpond.ca\/fr\/wp-json\/wp\/v2\/types\/page"}],"author":[{"embeddable":true,"href":"https:\/\/canadianpond.ca\/fr\/wp-json\/wp\/v2\/users\/6"}],"replies":[{"embeddable":true,"href":"https:\/\/canadianpond.ca\/fr\/wp-json\/wp\/v2\/comments?post=1297"}],"version-history":[{"count":8,"href":"https:\/\/canadianpond.ca\/fr\/wp-json\/wp\/v2\/pages\/1297\/revisions"}],"predecessor-version":[{"id":51911,"href":"https:\/\/canadianpond.ca\/fr\/wp-json\/wp\/v2\/pages\/1297\/revisions\/51911"}],"up":[{"embeddable":true,"href":"https:\/\/canadianpond.ca\/fr\/wp-json\/wp\/v2\/pages\/207"}],"wp:attachment":[{"href":"https:\/\/canadianpond.ca\/fr\/wp-json\/wp\/v2\/media?parent=1297"}],"curies":[{"name":"wp","href":"https:\/\/api.w.org\/{rel}","templated":true}]}}