{"id":1218,"date":"2020-12-01T11:20:26","date_gmt":"2020-12-01T16:20:26","guid":{"rendered":"https:\/\/canadianpond.ca\/?page_id=1218"},"modified":"2026-01-07T14:26:01","modified_gmt":"2026-01-07T19:26:01","slug":"certificats-et-accreditations","status":"publish","type":"page","link":"https:\/\/canadianpond.ca\/fr\/a-propos\/certificats-et-accreditations\/","title":{"rendered":"Certificats et Accr\u00e9ditations"},"content":{"rendered":"","protected":false},"excerpt":{"rendered":"","protected":false},"author":6,"featured_media":0,"parent":684,"menu_order":0,"comment_status":"closed","ping_status":"closed","template":"","meta":{"_acf_changed":false,"_relevanssi_hide_post":"","_relevanssi_hide_content":"","_relevanssi_pin_for_all":"","_relevanssi_pin_keywords":"","_relevanssi_unpin_keywords":"","_relevanssi_related_keywords":"","_relevanssi_related_include_ids":"","_relevanssi_related_exclude_ids":"","_relevanssi_related_no_append":"","_relevanssi_related_not_related":"","_relevanssi_related_posts":"","_relevanssi_noindex_reason":"","inline_featured_image":false,"footnotes":""},"class_list":["post-1218","page","type-page","status-publish","hentry"],"acf":[],"yoast_head":"<!-- This site is optimized with the Yoast SEO plugin v27.2 - https:\/\/yoast.com\/product\/yoast-seo-wordpress\/ -->\n<title>Accr\u00e9ditations, certifications et centre de service autoris\u00e9 - CanadianPond<\/title>\n<meta name=\"description\" content=\"Nous offrons des produits de haute performance reconnus par des accr\u00e9ditations et des certifications ind\u00e9pendantes.\" \/>\n<meta name=\"robots\" content=\"index, follow, max-snippet:-1, max-image-preview:large, max-video-preview:-1\" \/>\n<link rel=\"canonical\" href=\"https:\/\/canadianpond.ca\/fr\/a-propos\/certificats-et-accreditations\/\" \/>\n<meta property=\"og:locale\" content=\"fr_CA\" \/>\n<meta property=\"og:type\" content=\"article\" \/>\n<meta property=\"og:title\" content=\"Accr\u00e9ditations, certifications et centre de service autoris\u00e9 - CanadianPond\" \/>\n<meta property=\"og:description\" content=\"Nous offrons des produits de haute performance reconnus par des accr\u00e9ditations et des certifications ind\u00e9pendantes.\" \/>\n<meta property=\"og:url\" content=\"https:\/\/canadianpond.ca\/fr\/a-propos\/certificats-et-accreditations\/\" \/>\n<meta property=\"og:site_name\" content=\"CanadianPond\" \/>\n<meta property=\"article:modified_time\" content=\"2026-01-07T19:26:01+00:00\" \/>\n<meta name=\"twitter:card\" content=\"summary_large_image\" \/>\n<script type=\"application\/ld+json\" class=\"yoast-schema-graph\">{\"@context\":\"https:\/\/schema.org\",\"@graph\":[{\"@type\":\"WebPage\",\"@id\":\"https:\/\/canadianpond.ca\/fr\/a-propos\/certificats-et-accreditations\/\",\"url\":\"https:\/\/canadianpond.ca\/fr\/a-propos\/certificats-et-accreditations\/\",\"name\":\"Accr\u00e9ditations, certifications et centre de service autoris\u00e9 - CanadianPond\",\"isPartOf\":{\"@id\":\"https:\/\/canadianpond.ca\/#website\"},\"datePublished\":\"2020-12-01T16:20:26+00:00\",\"dateModified\":\"2026-01-07T19:26:01+00:00\",\"description\":\"Nous offrons des produits de haute performance reconnus par des accr\u00e9ditations et des certifications ind\u00e9pendantes.\",\"breadcrumb\":{\"@id\":\"https:\/\/canadianpond.ca\/fr\/a-propos\/certificats-et-accreditations\/#breadcrumb\"},\"inLanguage\":\"fr-CA\",\"potentialAction\":[{\"@type\":\"ReadAction\",\"target\":[\"https:\/\/canadianpond.ca\/fr\/a-propos\/certificats-et-accreditations\/\"]}]},{\"@type\":\"BreadcrumbList\",\"@id\":\"https:\/\/canadianpond.ca\/fr\/a-propos\/certificats-et-accreditations\/#breadcrumb\",\"itemListElement\":[{\"@type\":\"ListItem\",\"position\":1,\"name\":\"Home\",\"item\":\"https:\/\/canadianpond.ca\/fr\/\"},{\"@type\":\"ListItem\",\"position\":2,\"name\":\"\u00c0 propos\",\"item\":\"https:\/\/canadianpond.ca\/fr\/a-propos\/\"},{\"@type\":\"ListItem\",\"position\":3,\"name\":\"Certificats et Accr\u00e9ditations\"}]},{\"@type\":\"WebSite\",\"@id\":\"https:\/\/canadianpond.ca\/#website\",\"url\":\"https:\/\/canadianpond.ca\/\",\"name\":\"CanadianPond\",\"description\":\"Just another WordPress site\",\"potentialAction\":[{\"@type\":\"SearchAction\",\"target\":{\"@type\":\"EntryPoint\",\"urlTemplate\":\"https:\/\/canadianpond.ca\/?s={search_term_string}\"},\"query-input\":{\"@type\":\"PropertyValueSpecification\",\"valueRequired\":true,\"valueName\":\"search_term_string\"}}],\"inLanguage\":\"fr-CA\"}]}<\/script>\n<!-- \/ Yoast SEO plugin. -->","yoast_head_json":{"title":"Accr\u00e9ditations, certifications et centre de service autoris\u00e9 - CanadianPond","description":"Nous offrons des produits de haute performance reconnus par des accr\u00e9ditations et des certifications ind\u00e9pendantes.","robots":{"index":"index","follow":"follow","max-snippet":"max-snippet:-1","max-image-preview":"max-image-preview:large","max-video-preview":"max-video-preview:-1"},"canonical":"https:\/\/canadianpond.ca\/fr\/a-propos\/certificats-et-accreditations\/","og_locale":"fr_CA","og_type":"article","og_title":"Accr\u00e9ditations, certifications et centre de service autoris\u00e9 - CanadianPond","og_description":"Nous offrons des produits de haute performance reconnus par des accr\u00e9ditations et des certifications ind\u00e9pendantes.","og_url":"https:\/\/canadianpond.ca\/fr\/a-propos\/certificats-et-accreditations\/","og_site_name":"CanadianPond","article_modified_time":"2026-01-07T19:26:01+00:00","twitter_card":"summary_large_image","schema":{"@context":"https:\/\/schema.org","@graph":[{"@type":"WebPage","@id":"https:\/\/canadianpond.ca\/fr\/a-propos\/certificats-et-accreditations\/","url":"https:\/\/canadianpond.ca\/fr\/a-propos\/certificats-et-accreditations\/","name":"Accr\u00e9ditations, certifications et centre de service autoris\u00e9 - CanadianPond","isPartOf":{"@id":"https:\/\/canadianpond.ca\/#website"},"datePublished":"2020-12-01T16:20:26+00:00","dateModified":"2026-01-07T19:26:01+00:00","description":"Nous offrons des produits de haute performance reconnus par des accr\u00e9ditations et des certifications ind\u00e9pendantes.","breadcrumb":{"@id":"https:\/\/canadianpond.ca\/fr\/a-propos\/certificats-et-accreditations\/#breadcrumb"},"inLanguage":"fr-CA","potentialAction":[{"@type":"ReadAction","target":["https:\/\/canadianpond.ca\/fr\/a-propos\/certificats-et-accreditations\/"]}]},{"@type":"BreadcrumbList","@id":"https:\/\/canadianpond.ca\/fr\/a-propos\/certificats-et-accreditations\/#breadcrumb","itemListElement":[{"@type":"ListItem","position":1,"name":"Home","item":"https:\/\/canadianpond.ca\/fr\/"},{"@type":"ListItem","position":2,"name":"\u00c0 propos","item":"https:\/\/canadianpond.ca\/fr\/a-propos\/"},{"@type":"ListItem","position":3,"name":"Certificats et Accr\u00e9ditations"}]},{"@type":"WebSite","@id":"https:\/\/canadianpond.ca\/#website","url":"https:\/\/canadianpond.ca\/","name":"CanadianPond","description":"Just another WordPress site","potentialAction":[{"@type":"SearchAction","target":{"@type":"EntryPoint","urlTemplate":"https:\/\/canadianpond.ca\/?s={search_term_string}"},"query-input":{"@type":"PropertyValueSpecification","valueRequired":true,"valueName":"search_term_string"}}],"inLanguage":"fr-CA"}]}},"_links":{"self":[{"href":"https:\/\/canadianpond.ca\/fr\/wp-json\/wp\/v2\/pages\/1218","targetHints":{"allow":["GET"]}}],"collection":[{"href":"https:\/\/canadianpond.ca\/fr\/wp-json\/wp\/v2\/pages"}],"about":[{"href":"https:\/\/canadianpond.ca\/fr\/wp-json\/wp\/v2\/types\/page"}],"author":[{"embeddable":true,"href":"https:\/\/canadianpond.ca\/fr\/wp-json\/wp\/v2\/users\/6"}],"replies":[{"embeddable":true,"href":"https:\/\/canadianpond.ca\/fr\/wp-json\/wp\/v2\/comments?post=1218"}],"version-history":[{"count":4,"href":"https:\/\/canadianpond.ca\/fr\/wp-json\/wp\/v2\/pages\/1218\/revisions"}],"predecessor-version":[{"id":52488,"href":"https:\/\/canadianpond.ca\/fr\/wp-json\/wp\/v2\/pages\/1218\/revisions\/52488"}],"up":[{"embeddable":true,"href":"https:\/\/canadianpond.ca\/fr\/wp-json\/wp\/v2\/pages\/684"}],"wp:attachment":[{"href":"https:\/\/canadianpond.ca\/fr\/wp-json\/wp\/v2\/media?parent=1218"}],"curies":[{"name":"wp","href":"https:\/\/api.w.org\/{rel}","templated":true}]}}